{"id":1419,"date":"2019-02-03T12:06:29","date_gmt":"2019-02-03T12:06:29","guid":{"rendered":"http:\/\/franzos.ch\/montmartre-cafe-et-bistro\/"},"modified":"2025-01-03T22:13:02","modified_gmt":"2025-01-03T21:13:02","slug":"montmartre-cafe-bistro","status":"publish","type":"page","link":"https:\/\/franzos.ch\/de\/montmartre-cafe-bistro\/","title":{"rendered":"MONTMARTRE &#8211; CAFE &#038; BISTRO"},"content":{"rendered":"<div class=\"wpb-content-wrapper\">[vc_row css_animation=&#8221;&#8221; row_type=&#8221;row&#8221; use_row_as_full_screen_section=&#8221;no&#8221; type=&#8221;full_width&#8221; angled_section=&#8221;no&#8221; text_align=&#8221;left&#8221; background_image_as_pattern=&#8221;without_pattern&#8221; z_index=&#8221;&#8221; background_color=&#8221;#ffffff&#8221;][vc_column offset=&#8221;vc_hidden-sm vc_hidden-xs&#8221;][vc_empty_space height=&#8221;173px&#8221;][\/vc_column][\/vc_row][vc_row css_animation=&#8221;&#8221; row_type=&#8221;row&#8221; use_row_as_full_screen_section=&#8221;no&#8221; type=&#8221;full_width&#8221; angled_section=&#8221;no&#8221; text_align=&#8221;left&#8221; background_image_as_pattern=&#8221;without_pattern&#8221; z_index=&#8221;&#8221; background_color=&#8221;#ffffff&#8221;][vc_column offset=&#8221;vc_hidden-lg vc_hidden-md&#8221;][vc_empty_space height=&#8221;129px&#8221;][\/vc_column][\/vc_row][vc_row thb_full_width=&#8221;true&#8221; thb_column_padding=&#8221;true&#8221; css_animation=&#8221;&#8221; row_type=&#8221;row&#8221; use_row_as_full_screen_section=&#8221;no&#8221; type=&#8221;full_width&#8221; angled_section=&#8221;no&#8221; text_align=&#8221;center&#8221; background_image_as_pattern=&#8221;with_pattern&#8221; thb_color=&#8221;light-title&#8221; css=&#8221;.vc_custom_1559221473140{background-color: #cad9de !important;}&#8221; z_index=&#8221;&#8221;][vc_column][vc_empty_space height=&#8221;40px&#8221;][\/vc_column][\/vc_row][vc_row thb_full_width=&#8221;true&#8221; thb_column_padding=&#8221;true&#8221; css_animation=&#8221;&#8221; row_type=&#8221;row&#8221; use_row_as_full_screen_section=&#8221;no&#8221; type=&#8221;full_width&#8221; angled_section=&#8221;no&#8221; text_align=&#8221;center&#8221; background_image_as_pattern=&#8221;with_pattern&#8221; thb_color=&#8221;light-title&#8221; z_index=&#8221;&#8221; css=&#8221;.vc_custom_1559221494417{background-color: #cad9de !important;}&#8221;][vc_column offset=&#8221;vc_col-lg-10&#8243;][vc_empty_space height=&#8221;80px&#8221;][vc_column_text]\n<h3 style=\"text-align: center;\">BONJOUR \u2014 BONSOIR<\/h3>\n[\/vc_column_text][vc_empty_space height=&#8221;20px&#8221;][vc_row_inner row_type=&#8221;row&#8221; type=&#8221;full_width&#8221; text_align=&#8221;left&#8221; css_animation=&#8221;&#8221;][vc_column_inner width=&#8221;1\/2&#8243;][vc_column_text]da wo kunst und musik sich vereinen, befindet sich ein bijou inmitten von schmalen gassen, das sie fast sofort zur\u00fcck in die 20er jahre versetzt. wo? bei der kleinen schwester vom &#8216;franzos&#8217;, im &#8216;montmartre&#8217;, sind speis und trank ganz der grande nation verschrieben.[\/vc_column_text][\/vc_column_inner][vc_column_inner width=&#8221;1\/2&#8243;][vc_column_text]mit &#8216;jos\u00e9phine&#8217; und &#8216;maurice&#8217;, in samt und seide gehalten, bieten zudem zwei h\u00fcbsche r\u00e4ume ausser- gew\u00f6hnliche \u00fcbernachtungsst\u00e4tte im kleinsten hotel der stadt.<\/p>\n<p>entrez, bon app\u00e9tit et bonne nuit\u2009![\/vc_column_text][\/vc_column_inner][\/vc_row_inner][vc_empty_space height=&#8221;65px&#8221;][\/vc_column][\/vc_row][vc_row thb_full_width=&#8221;true&#8221; thb_column_padding=&#8221;true&#8221; css_animation=&#8221;&#8221; row_type=&#8221;row&#8221; use_row_as_full_screen_section=&#8221;no&#8221; type=&#8221;full_width&#8221; angled_section=&#8221;no&#8221; text_align=&#8221;center&#8221; background_image_as_pattern=&#8221;with_pattern&#8221; thb_color=&#8221;light-title&#8221; z_index=&#8221;&#8221; css=&#8221;.vc_custom_1559221531129{background-color: #ffffff !important;}&#8221;][vc_column offset=&#8221;vc_col-lg-10&#8243; css=&#8221;.vc_custom_1647506153850{padding-right: 10px !important;padding-left: 10px !important;}&#8221;][vc_empty_space height=&#8221;75px&#8221;][vc_column_text]\n<h3 style=\"text-align: center;\">KONTAKT<\/h3>\n<p style=\"text-align: center;\">haus zum weggen<br \/>\nweggengasse 4<br \/>\n8001 z\u00fcrich<br \/>\n<a href=\"mailto:bonjour@franzos.ch\">bonjour@franzos.ch<\/a><br \/>\n044 211 19 20<\/p>\n<p style=\"text-align: center;\"><strong>reservierung nur per telefon w\u00e4hrend<br \/>\n<\/strong><strong>der \u00f6ffnungszeiten (montag geschlossen)<\/strong><br \/>\nund nur f\u00fcr brunch, mittag- und abendessen<\/p>\n[\/vc_column_text][vc_empty_space height=&#8221;20px&#8221;][vc_column_text css=&#8221;&#8221;]\n<h3 style=\"text-align: center;\"><span style=\"color: #008080;\">BETRIEBSFERIEN BIS 27. JANUAR 2025<\/span><\/h3>\n<h3 style=\"text-align: center;\">\u00d6FFNUNGSZEITEN AB DEM 28. JANUAR 2025<\/h3>\n<p style=\"text-align: center;\">montag \u00a0 \u00a0\u00a0\u00a0\u00a0\u00a0\u00a0 geschlossen<br \/>\ndienstag\u00a0 \u00a0\u00a0\u00a0\u00a0\u00a0 9.00 &#8211; 22.00<br \/>\nmittwoch \u00a0 \u00a0\u00a0\u00a0 9.00 &#8211; 22.00<br \/>\ndonnerstag \u00a0\u00a0 9.00 &#8211; 22.00<br \/>\nfreitag \u00a0\u00a0\u00a0\u00a0\u00a0 \u00a0 \u00a0\u00a0 9.00 &#8211; 22.00<br \/>\nsamstag \u00a0 \u00a0\u00a0\u00a0\u00a0\u00a0 9.00 &#8211; 22.00<br \/>\nsonntag\u00a0 \u00a0\u00a0\u00a0\u00a0\u00a0\u00a0\u00a0 9.00 &#8211; 17.00<\/p>\n<p style=\"text-align: center;\"><span class=\"VIiyi\" lang=\"de\"><span class=\"JLqJ4b ChMk0b C1N51c\" data-language-for-alternatives=\"de\" data-language-to-translate-into=\"fr\" data-phrase-index=\"0\">unsere k\u00fcche ist <\/span><\/span><span class=\"VIiyi\" lang=\"de\"><span class=\"JLqJ4b ChMk0b C1N51c\" data-language-for-alternatives=\"de\" data-language-to-translate-into=\"fr\" data-phrase-index=\"0\">wie folgt ge\u00f6ffnet:<br \/>\ndienstag &#8211; samstag \u00a0 \u00a09.00 &#8211; 21.30<\/span><\/span><span class=\"VIiyi\" lang=\"de\"><span class=\"JLqJ4b ChMk0b C1N51c\" data-language-for-alternatives=\"de\" data-language-to-translate-into=\"fr\" data-phrase-index=\"0\"><br \/>\nsonntag\u00a0\u00a0 9.00 &#8211; 15.00<\/span><\/span><\/p>\n[\/vc_column_text][vc_empty_space height=&#8221;20px&#8221;][vc_column_text]\n<h3 style=\"text-align: center;\">DIE KARTE<\/h3>\n[\/vc_column_text][vc_column_text css=&#8221;&#8221;]\n<p style=\"text-align: center;\"><a href=\"http:\/\/franzos.ch\/wp-content\/uploads\/2024\/10\/MM_Menukarte_Herbst_Winter_2024_FR.pdf\" target=\"_blank\" rel=\"noopener noreferrer\">menu<\/a><\/p>\n[\/vc_column_text][vc_empty_space height=&#8221;100px&#8221;][\/vc_column][\/vc_row][vc_row thb_full_width=&#8221;true&#8221; thb_row_padding=&#8221;true&#8221; css=&#8221;.vc_custom_1711117933407{padding-top: 50px !important;padding-right: 25px !important;padding-bottom: 50px !important;padding-left: 25px !important;background-color: rgba(202,217,222,0.44) !important;*background-color: rgb(202,217,222) !important;}&#8221; el_id=&#8221;footer-all&#8221;][vc_column width=&#8221;1\/5&#8243;][\/vc_column][vc_column width=&#8221;1\/5&#8243;]\t<div id=\"thb-flip-box-69ff00a4c12d3\" class=\"thb-flip-box thb-flip-horizontal thb-flip-box-front-dark thb-flip-box-back-dark \">\n\t\t<div class=\"thb-flip-box-front thb-flip-box-side\">\n\t\t\t<div class=\"thb-flip-box-inner\">\n\t\t\t\t\t\t\t\t\t<div class=\"flipbox-image\">\n\t\t\t\t\t\t<img loading=\"lazy\" decoding=\"async\" width=\"974\" height=\"340\" src=\"https:\/\/franzos.ch\/wp-content\/uploads\/2023\/07\/Logo-franzos-neg.png\" class=\"thb_image attachment-full\" alt=\"\" title=\"Logo-franzos-neg\" \/>\t\t\t\t\t<\/div>\n\t\t\t\t\t\t\t\t\t<div>\n\t\t\t\t\t\t\t\t\t<\/div>\n\t\t\t<\/div>\n\t\t<\/div>\n\t\t<div class=\"thb-flip-box-back thb-flip-box-side\">\n\t\t\t<div class=\"thb-flip-box-inner\">\n\t\t\t\t\t\t\t\t<div>\n\t\t\t\t\t\t\t\t\t<\/div>\n\t\t\t<\/div>\n\t\t<\/div>\n\t\t<style>\n\t\t\t#thb-flip-box-69ff00a4c12d3 {\n\t\t\t\tmin-height: 200px;\n\t\t\t}\n\t\t\t@media screen and (-ms-high-contrast: active), (-ms-high-contrast: none) {\n\t\t\t\t#thb-flip-box-69ff00a4c12d3 {\n\t\t\t\t\theight: 200px;\n\t\t\t\t}\n\t\t\t}\n\t\t\t#thb-flip-box-69ff00a4c12d3 .thb-flip-box-front {\n\t\t\t\tbackground-image: url();\n\t\t\t}\n\t\t\t#thb-flip-box-69ff00a4c12d3 .thb-flip-box-back {\n\t\t\t\tbackground-image: url(https:\/\/franzos.ch\/wp-content\/uploads\/2023\/07\/franzos-cafe-bar-bistro.jpg);\n\t\t\t}\n\t\t\t\t\t\t\t#thb-flip-box-69ff00a4c12d3 .thb-flip-box-front {\n\t\t\t\t\tbackground:#5f8089;background:linear-gradient( -135deg,#5f8089,#5f8089 );\t\t\t\t}\n\t\t\t\t\t\t\t\t\t\t\t\t\t#thb-flip-box-69ff00a4c12d3 .thb-flip-box-front .flipbox-image img {\n\t\t\t\t\twidth: 200px;\n\t\t\t\t\theight: auto;\n\t\t\t\t}\n\t\t\t\t\t\t\t\t<\/style>\n\t\t<a class=\"thb-flip-box-link\" href=\"\/franzos\/\" target=\"_self\" title=\"\"><\/a>\n\t\t\t<\/div>\n\t[\/vc_column][vc_column width=&#8221;1\/5&#8243;]\t<div id=\"thb-flip-box-69ff00a4c2644\" class=\"thb-flip-box thb-flip-horizontal thb-flip-box-front-dark thb-flip-box-back-dark \">\n\t\t<div class=\"thb-flip-box-front thb-flip-box-side\">\n\t\t\t<div class=\"thb-flip-box-inner\">\n\t\t\t\t\t\t\t\t\t<div class=\"flipbox-image\">\n\t\t\t\t\t\t<img loading=\"lazy\" decoding=\"async\" width=\"2612\" height=\"1314\" src=\"https:\/\/franzos.ch\/wp-content\/uploads\/2023\/07\/logo-et-sa-cousine-e1715869855131.png\" class=\"thb_image attachment-full\" alt=\"\" title=\"logo-et-sa-cousine\" \/>\t\t\t\t\t<\/div>\n\t\t\t\t\t\t\t\t\t<div>\n\t\t\t\t\t\t\t\t\t<\/div>\n\t\t\t<\/div>\n\t\t<\/div>\n\t\t<div class=\"thb-flip-box-back thb-flip-box-side\">\n\t\t\t<div class=\"thb-flip-box-inner\">\n\t\t\t\t\t\t\t\t<div>\n\t\t\t\t\t\t\t\t\t<\/div>\n\t\t\t<\/div>\n\t\t<\/div>\n\t\t<style>\n\t\t\t#thb-flip-box-69ff00a4c2644 {\n\t\t\t\tmin-height: 200px;\n\t\t\t}\n\t\t\t@media screen and (-ms-high-contrast: active), (-ms-high-contrast: none) {\n\t\t\t\t#thb-flip-box-69ff00a4c2644 {\n\t\t\t\t\theight: 200px;\n\t\t\t\t}\n\t\t\t}\n\t\t\t#thb-flip-box-69ff00a4c2644 .thb-flip-box-front {\n\t\t\t\tbackground-image: url();\n\t\t\t}\n\t\t\t#thb-flip-box-69ff00a4c2644 .thb-flip-box-back {\n\t\t\t\tbackground-image: url(https:\/\/franzos.ch\/wp-content\/uploads\/2024\/04\/et-sa-cousine-quer-1024x714.jpg);\n\t\t\t}\n\t\t\t\t\t\t\t#thb-flip-box-69ff00a4c2644 .thb-flip-box-front {\n\t\t\t\t\tbackground:#143f45;background:linear-gradient( -135deg,#143f45,#143f45 );\t\t\t\t}\n\t\t\t\t\t\t\t\t\t\t\t\t\t#thb-flip-box-69ff00a4c2644 .thb-flip-box-front .flipbox-image img {\n\t\t\t\t\twidth: 200px;\n\t\t\t\t\theight: auto;\n\t\t\t\t}\n\t\t\t\t\t\t\t\t<\/style>\n\t\t<a class=\"thb-flip-box-link\" href=\"\/et-sa-cousine\/\" target=\"_self\" title=\"et sa cousine\"><\/a>\n\t\t\t<\/div>\n\t[\/vc_column][vc_column width=&#8221;1\/5&#8243;]\t<div id=\"thb-flip-box-69ff00a4c34c2\" class=\"thb-flip-box thb-flip-horizontal thb-flip-box-front-dark thb-flip-box-back-dark \">\n\t\t<div class=\"thb-flip-box-front thb-flip-box-side\">\n\t\t\t<div class=\"thb-flip-box-inner\">\n\t\t\t\t\t\t\t\t\t<div class=\"flipbox-image\">\n\t\t\t\t\t\t<img loading=\"lazy\" decoding=\"async\" width=\"1886\" height=\"1250\" src=\"https:\/\/franzos.ch\/wp-content\/uploads\/2024\/04\/MM_Logo_neg-e1712152993742.png\" class=\"thb_image attachment-full\" alt=\"\" title=\"MM_Logo_neg\" \/>\t\t\t\t\t<\/div>\n\t\t\t\t\t\t\t\t\t<div>\n\t\t\t\t\t\t\t\t\t<\/div>\n\t\t\t<\/div>\n\t\t<\/div>\n\t\t<div class=\"thb-flip-box-back thb-flip-box-side\">\n\t\t\t<div class=\"thb-flip-box-inner\">\n\t\t\t\t\t\t\t\t<div>\n\t\t\t\t\t\t\t\t\t<\/div>\n\t\t\t<\/div>\n\t\t<\/div>\n\t\t<style>\n\t\t\t#thb-flip-box-69ff00a4c34c2 {\n\t\t\t\tmin-height: 200px;\n\t\t\t}\n\t\t\t@media screen and (-ms-high-contrast: active), (-ms-high-contrast: none) {\n\t\t\t\t#thb-flip-box-69ff00a4c34c2 {\n\t\t\t\t\theight: 200px;\n\t\t\t\t}\n\t\t\t}\n\t\t\t#thb-flip-box-69ff00a4c34c2 .thb-flip-box-front {\n\t\t\t\tbackground-image: url();\n\t\t\t}\n\t\t\t#thb-flip-box-69ff00a4c34c2 .thb-flip-box-back {\n\t\t\t\tbackground-image: url(https:\/\/franzos.ch\/wp-content\/uploads\/2019\/06\/Mont-Martre-49_Hej-e1556099405860-1024x538.jpeg);\n\t\t\t}\n\t\t\t\t\t\t\t#thb-flip-box-69ff00a4c34c2 .thb-flip-box-front {\n\t\t\t\t\tbackground:#bd5d45;background:linear-gradient( -135deg,#bd5d45,#bd5d45 );\t\t\t\t}\n\t\t\t\t\t\t\t\t\t\t\t\t\t#thb-flip-box-69ff00a4c34c2 .thb-flip-box-front .flipbox-image img {\n\t\t\t\t\twidth: 165px;\n\t\t\t\t\theight: auto;\n\t\t\t\t}\n\t\t\t\t\t\t\t\t<\/style>\n\t\t<a class=\"thb-flip-box-link\" href=\"\/montmartre-cafe-et-bistro\/\" target=\"_self\" title=\"MONTMARTRE \u2013 CAFE ET BISTRO\"><\/a>\n\t\t\t<\/div>\n\t[\/vc_column][vc_column width=&#8221;1\/5&#8243;][\/vc_column][\/vc_row][vc_row css=&#8221;.vc_custom_1711123701936{padding-top: 50px !important;padding-bottom: 40px !important;background-color: rgba(255,255,255,0.44) !important;*background-color: rgb(255,255,255) !important;}&#8221; el_id=&#8221;footer-all&#8221;][vc_column][vc_column_text css=&#8221;&#8221;]\n<h5 style=\"text-align: center;\">+41 44 211 19 20 <a class=\"\" href=\"mailto:bonjour@franzos.ch\">das bistro kontaktieren<\/a> \/\u00a0<a href=\"mailto:chambres@franzos.ch\">das hotel kontaktieren<\/a> \/\u00a0<a href=\"https:\/\/franzos.ch\/produit\/bon-cadeau-montmartre\/\" target=\"_blank\" rel=\"noopener\">gutschein kaufen<\/a><br \/>\n<a href=\"https:\/\/www.google.com\/maps\/place\/Montmartre\/@47.3715919,8.5390189,17z\/data=!3m1!4b1!4m5!3m4!1s0x47900b22afaa4da5:0xf2ba1f3249343c83!8m2!3d47.3715919!4d8.5412076\" target=\"_blank\" rel=\"noopener noreferrer\">weggengasse 4, 8001 z\u00fcrich<\/a><\/h5>\n<h5 style=\"text-align: center;\">\u00a92024 montmartre \u00b7 cr\u00e9e avec amour par <a href=\"https:\/\/caspar-eberhard.ch\/\" target=\"_blank\" rel=\"noopener noreferrer\">Werkstatt f\u00fcr Digitales<\/a>\u00a0et\u00a0<a href=\"https:\/\/www.hej.ch\/\" target=\"_blank\" rel=\"noopener noreferrer\">Hej<\/a>, photographie:\u00a0<a href=\"https:\/\/www.at-eberhard.ch\/\" target=\"_blank\" rel=\"noopener noreferrer\">Anna-Tina Eberhard<\/a><\/h5>\n[\/vc_column_text][\/vc_column][\/vc_row]\n<\/div>","protected":false},"excerpt":{"rendered":"<p>[vc_row css_animation=&#8221;&#8221; row_type=&#8221;row&#8221; use_row_as_full_screen_section=&#8221;no&#8221; type=&#8221;full_width&#8221; angled_section=&#8221;no&#8221; text_align=&#8221;left&#8221; background_image_as_pattern=&#8221;without_pattern&#8221; z_index=&#8221;&#8221; background_color=&#8221;#ffffff&#8221;][vc_column offset=&#8221;vc_hidden-sm vc_hidden-xs&#8221;][vc_empty_space height=&#8221;173px&#8221;][\/vc_column][\/vc_row][vc_row css_animation=&#8221;&#8221; row_type=&#8221;row&#8221; use_row_as_full_screen_section=&#8221;no&#8221; type=&#8221;full_width&#8221; angled_section=&#8221;no&#8221; text_align=&#8221;left&#8221; background_image_as_pattern=&#8221;without_pattern&#8221; z_index=&#8221;&#8221; background_color=&#8221;#ffffff&#8221;][vc_column offset=&#8221;vc_hidden-lg vc_hidden-md&#8221;][vc_empty_space height=&#8221;129px&#8221;][\/vc_column][\/vc_row][vc_row thb_full_width=&#8221;true&#8221; thb_column_padding=&#8221;true&#8221; css_animation=&#8221;&#8221; row_type=&#8221;row&#8221; use_row_as_full_screen_section=&#8221;no&#8221; type=&#8221;full_width&#8221; angled_section=&#8221;no&#8221; text_align=&#8221;center&#8221; background_image_as_pattern=&#8221;with_pattern&#8221; thb_color=&#8221;light-title&#8221; css=&#8221;.vc_custom_1559221473140{background-color: #cad9de !important;}&#8221; z_index=&#8221;&#8221;][vc_column][vc_empty_space height=&#8221;40px&#8221;][\/vc_column][\/vc_row][vc_row thb_full_width=&#8221;true&#8221; thb_column_padding=&#8221;true&#8221; css_animation=&#8221;&#8221; row_type=&#8221;row&#8221; use_row_as_full_screen_section=&#8221;no&#8221; type=&#8221;full_width&#8221; angled_section=&#8221;no&#8221; text_align=&#8221;center&#8221; background_image_as_pattern=&#8221;with_pattern&#8221; thb_color=&#8221;light-title&#8221; z_index=&#8221;&#8221; css=&#8221;.vc_custom_1559221494417{background-color: #cad9de !important;}&#8221;][vc_column offset=&#8221;vc_col-lg-10&#8243;][vc_empty_space&hellip;<\/p>\n","protected":false},"author":2,"featured_media":0,"parent":0,"menu_order":0,"comment_status":"closed","ping_status":"closed","template":"","meta":{"_exactmetrics_skip_tracking":false,"_exactmetrics_sitenote_active":false,"_exactmetrics_sitenote_note":"","_exactmetrics_sitenote_category":0,"footnotes":""},"class_list":["post-1419","page","type-page","status-publish","hentry"],"yoast_head":"<!-- This site is optimized with the Yoast SEO Premium plugin v22.6 (Yoast SEO v27.5) - https:\/\/yoast.com\/product\/yoast-seo-premium-wordpress\/ -->\n<title>Montmartre - caf\u00e9, bar &amp; bistro in Zurich - Willkommen und guten Appetit<\/title>\n<meta name=\"description\" content=\"Montmartre Z\u00fcrich - caf\u00e9, bar &amp; bistro an der Weggengasse 4, 8001 Z\u00fcrich. Kommen Sie vorbei und entdecken Sie das franz\u00f6siche Juwel in Z\u00fcrich.\" \/>\n<meta name=\"robots\" content=\"index, follow, max-snippet:-1, max-image-preview:large, max-video-preview:-1\" \/>\n<link rel=\"canonical\" href=\"https:\/\/franzos.ch\/de\/montmartre-cafe-bistro\/\" \/>\n<meta property=\"og:locale\" content=\"de_DE\" \/>\n<meta property=\"og:type\" content=\"article\" \/>\n<meta property=\"og:title\" content=\"MONTMARTRE - CAFE &amp; BISTRO\" \/>\n<meta property=\"og:description\" content=\"Montmartre Z\u00fcrich - caf\u00e9, bar &amp; bistro an der Weggengasse 4, 8001 Z\u00fcrich. Kommen Sie vorbei und entdecken Sie das franz\u00f6siche Juwel in Z\u00fcrich.\" \/>\n<meta property=\"og:url\" content=\"https:\/\/franzos.ch\/de\/montmartre-cafe-bistro\/\" \/>\n<meta property=\"og:site_name\" content=\"franzos | et sa cousine\" \/>\n<meta property=\"article:publisher\" content=\"https:\/\/www.facebook.com\/montmartre.zurich\/\" \/>\n<meta property=\"article:modified_time\" content=\"2025-01-03T21:13:02+00:00\" \/>\n<meta property=\"og:image\" content=\"https:\/\/franzos.ch\/wp-content\/uploads\/2019\/01\/MM_Logo-e1549618494882.png\" \/>\n\t<meta property=\"og:image:width\" content=\"1000\" \/>\n\t<meta property=\"og:image:height\" content=\"672\" \/>\n\t<meta property=\"og:image:type\" content=\"image\/png\" \/>\n<meta name=\"twitter:card\" content=\"summary_large_image\" \/>\n<meta name=\"twitter:label1\" content=\"Gesch\u00e4tzte Lesezeit\" \/>\n\t<meta name=\"twitter:data1\" content=\"3 Minuten\" \/>\n<script type=\"application\/ld+json\" class=\"yoast-schema-graph\">{\"@context\":\"https:\\\/\\\/schema.org\",\"@graph\":[{\"@type\":\"WebPage\",\"@id\":\"https:\\\/\\\/franzos.ch\\\/de\\\/montmartre-cafe-bistro\\\/\",\"url\":\"https:\\\/\\\/franzos.ch\\\/de\\\/montmartre-cafe-bistro\\\/\",\"name\":\"Montmartre - caf\u00e9, bar & bistro in Zurich - Willkommen und guten Appetit\",\"isPartOf\":{\"@id\":\"https:\\\/\\\/franzos.ch\\\/de\\\/#website\"},\"datePublished\":\"2019-02-03T12:06:29+00:00\",\"dateModified\":\"2025-01-03T21:13:02+00:00\",\"description\":\"Montmartre Z\u00fcrich - caf\u00e9, bar & bistro an der Weggengasse 4, 8001 Z\u00fcrich. Kommen Sie vorbei und entdecken Sie das franz\u00f6siche Juwel in Z\u00fcrich.\",\"breadcrumb\":{\"@id\":\"https:\\\/\\\/franzos.ch\\\/de\\\/montmartre-cafe-bistro\\\/#breadcrumb\"},\"inLanguage\":\"de-DE\",\"potentialAction\":[{\"@type\":\"ReadAction\",\"target\":[\"https:\\\/\\\/franzos.ch\\\/de\\\/montmartre-cafe-bistro\\\/\"]}]},{\"@type\":\"BreadcrumbList\",\"@id\":\"https:\\\/\\\/franzos.ch\\\/de\\\/montmartre-cafe-bistro\\\/#breadcrumb\",\"itemListElement\":[{\"@type\":\"ListItem\",\"position\":1,\"name\":\"Home\",\"item\":\"https:\\\/\\\/franzos.ch\\\/de\\\/\"},{\"@type\":\"ListItem\",\"position\":2,\"name\":\"MONTMARTRE &#8211; CAFE &#038; BISTRO\"}]},{\"@type\":\"WebSite\",\"@id\":\"https:\\\/\\\/franzos.ch\\\/de\\\/#website\",\"url\":\"https:\\\/\\\/franzos.ch\\\/de\\\/\",\"name\":\"franzos | et sa cousine\",\"description\":\"\",\"publisher\":{\"@id\":\"https:\\\/\\\/franzos.ch\\\/de\\\/#organization\"},\"potentialAction\":[{\"@type\":\"SearchAction\",\"target\":{\"@type\":\"EntryPoint\",\"urlTemplate\":\"https:\\\/\\\/franzos.ch\\\/de\\\/?s={search_term_string}\"},\"query-input\":{\"@type\":\"PropertyValueSpecification\",\"valueRequired\":true,\"valueName\":\"search_term_string\"}}],\"inLanguage\":\"de-DE\"},{\"@type\":[\"Organization\",\"Place\",\"Restaurant\"],\"@id\":\"https:\\\/\\\/franzos.ch\\\/de\\\/#organization\",\"name\":\"Montmartre\",\"url\":\"https:\\\/\\\/franzos.ch\\\/de\\\/\",\"logo\":{\"@id\":\"https:\\\/\\\/franzos.ch\\\/de\\\/montmartre-cafe-bistro\\\/#local-main-organization-logo\"},\"image\":{\"@id\":\"https:\\\/\\\/franzos.ch\\\/de\\\/montmartre-cafe-bistro\\\/#local-main-organization-logo\"},\"sameAs\":[\"https:\\\/\\\/www.facebook.com\\\/montmartre.zurich\\\/\",\"https:\\\/\\\/www.instagram.com\\\/montmartre_zurich\\\/\"],\"address\":{\"@id\":\"https:\\\/\\\/franzos.ch\\\/de\\\/montmartre-cafe-bistro\\\/#local-main-place-address\"},\"telephone\":[\"044 211 19 20\"],\"openingHoursSpecification\":[{\"@type\":\"OpeningHoursSpecification\",\"dayOfWeek\":[\"Monday\",\"Tuesday\",\"Wednesday\",\"Thursday\"],\"opens\":\"08:00\",\"closes\":\"23:00\"},{\"@type\":\"OpeningHoursSpecification\",\"dayOfWeek\":[\"Friday\"],\"opens\":\"08:00\",\"closes\":\"00:00\"},{\"@type\":\"OpeningHoursSpecification\",\"dayOfWeek\":[\"Saturday\"],\"opens\":\"09:00\",\"closes\":\"00:00\"},{\"@type\":\"OpeningHoursSpecification\",\"dayOfWeek\":[\"Sunday\"],\"opens\":\"10:00\",\"closes\":\"18:00\"}],\"email\":\"bonjour@franzos.ch\",\"priceRange\":\"$$\"},{\"@type\":\"PostalAddress\",\"@id\":\"https:\\\/\\\/franzos.ch\\\/de\\\/montmartre-cafe-bistro\\\/#local-main-place-address\",\"streetAddress\":\"Weggengasse 4\",\"addressLocality\":\"Z\u00fcrich\",\"postalCode\":\"8001\",\"addressRegion\":\"Z\u00fcrich\",\"addressCountry\":\"CH\"},{\"@type\":\"ImageObject\",\"inLanguage\":\"de-DE\",\"@id\":\"https:\\\/\\\/franzos.ch\\\/de\\\/montmartre-cafe-bistro\\\/#local-main-organization-logo\",\"url\":\"https:\\\/\\\/franzos.ch\\\/wp-content\\\/uploads\\\/2019\\\/01\\\/MM_Logo-e1549618494882.png\",\"contentUrl\":\"https:\\\/\\\/franzos.ch\\\/wp-content\\\/uploads\\\/2019\\\/01\\\/MM_Logo-e1549618494882.png\",\"width\":1000,\"height\":672,\"caption\":\"Montmartre\"}]}<\/script>\n<meta name=\"geo.placename\" content=\"Z\u00fcrich\" \/>\n<meta name=\"geo.region\" content=\"Schweiz\" \/>\n<!-- \/ Yoast SEO Premium plugin. -->","yoast_head_json":{"title":"Montmartre - caf\u00e9, bar & bistro in Zurich - Willkommen und guten Appetit","description":"Montmartre Z\u00fcrich - caf\u00e9, bar & bistro an der Weggengasse 4, 8001 Z\u00fcrich. Kommen Sie vorbei und entdecken Sie das franz\u00f6siche Juwel in Z\u00fcrich.","robots":{"index":"index","follow":"follow","max-snippet":"max-snippet:-1","max-image-preview":"max-image-preview:large","max-video-preview":"max-video-preview:-1"},"canonical":"https:\/\/franzos.ch\/de\/montmartre-cafe-bistro\/","og_locale":"de_DE","og_type":"article","og_title":"MONTMARTRE - CAFE & BISTRO","og_description":"Montmartre Z\u00fcrich - caf\u00e9, bar & bistro an der Weggengasse 4, 8001 Z\u00fcrich. Kommen Sie vorbei und entdecken Sie das franz\u00f6siche Juwel in Z\u00fcrich.","og_url":"https:\/\/franzos.ch\/de\/montmartre-cafe-bistro\/","og_site_name":"franzos | et sa cousine","article_publisher":"https:\/\/www.facebook.com\/montmartre.zurich\/","article_modified_time":"2025-01-03T21:13:02+00:00","og_image":[{"width":1000,"height":672,"url":"https:\/\/franzos.ch\/wp-content\/uploads\/2019\/01\/MM_Logo-e1549618494882.png","type":"image\/png"}],"twitter_card":"summary_large_image","twitter_misc":{"Gesch\u00e4tzte Lesezeit":"3 Minuten"},"schema":{"@context":"https:\/\/schema.org","@graph":[{"@type":"WebPage","@id":"https:\/\/franzos.ch\/de\/montmartre-cafe-bistro\/","url":"https:\/\/franzos.ch\/de\/montmartre-cafe-bistro\/","name":"Montmartre - caf\u00e9, bar & bistro in Zurich - Willkommen und guten Appetit","isPartOf":{"@id":"https:\/\/franzos.ch\/de\/#website"},"datePublished":"2019-02-03T12:06:29+00:00","dateModified":"2025-01-03T21:13:02+00:00","description":"Montmartre Z\u00fcrich - caf\u00e9, bar & bistro an der Weggengasse 4, 8001 Z\u00fcrich. Kommen Sie vorbei und entdecken Sie das franz\u00f6siche Juwel in Z\u00fcrich.","breadcrumb":{"@id":"https:\/\/franzos.ch\/de\/montmartre-cafe-bistro\/#breadcrumb"},"inLanguage":"de-DE","potentialAction":[{"@type":"ReadAction","target":["https:\/\/franzos.ch\/de\/montmartre-cafe-bistro\/"]}]},{"@type":"BreadcrumbList","@id":"https:\/\/franzos.ch\/de\/montmartre-cafe-bistro\/#breadcrumb","itemListElement":[{"@type":"ListItem","position":1,"name":"Home","item":"https:\/\/franzos.ch\/de\/"},{"@type":"ListItem","position":2,"name":"MONTMARTRE &#8211; CAFE &#038; BISTRO"}]},{"@type":"WebSite","@id":"https:\/\/franzos.ch\/de\/#website","url":"https:\/\/franzos.ch\/de\/","name":"franzos | et sa cousine","description":"","publisher":{"@id":"https:\/\/franzos.ch\/de\/#organization"},"potentialAction":[{"@type":"SearchAction","target":{"@type":"EntryPoint","urlTemplate":"https:\/\/franzos.ch\/de\/?s={search_term_string}"},"query-input":{"@type":"PropertyValueSpecification","valueRequired":true,"valueName":"search_term_string"}}],"inLanguage":"de-DE"},{"@type":["Organization","Place","Restaurant"],"@id":"https:\/\/franzos.ch\/de\/#organization","name":"Montmartre","url":"https:\/\/franzos.ch\/de\/","logo":{"@id":"https:\/\/franzos.ch\/de\/montmartre-cafe-bistro\/#local-main-organization-logo"},"image":{"@id":"https:\/\/franzos.ch\/de\/montmartre-cafe-bistro\/#local-main-organization-logo"},"sameAs":["https:\/\/www.facebook.com\/montmartre.zurich\/","https:\/\/www.instagram.com\/montmartre_zurich\/"],"address":{"@id":"https:\/\/franzos.ch\/de\/montmartre-cafe-bistro\/#local-main-place-address"},"telephone":["044 211 19 20"],"openingHoursSpecification":[{"@type":"OpeningHoursSpecification","dayOfWeek":["Monday","Tuesday","Wednesday","Thursday"],"opens":"08:00","closes":"23:00"},{"@type":"OpeningHoursSpecification","dayOfWeek":["Friday"],"opens":"08:00","closes":"00:00"},{"@type":"OpeningHoursSpecification","dayOfWeek":["Saturday"],"opens":"09:00","closes":"00:00"},{"@type":"OpeningHoursSpecification","dayOfWeek":["Sunday"],"opens":"10:00","closes":"18:00"}],"email":"bonjour@franzos.ch","priceRange":"$$"},{"@type":"PostalAddress","@id":"https:\/\/franzos.ch\/de\/montmartre-cafe-bistro\/#local-main-place-address","streetAddress":"Weggengasse 4","addressLocality":"Z\u00fcrich","postalCode":"8001","addressRegion":"Z\u00fcrich","addressCountry":"CH"},{"@type":"ImageObject","inLanguage":"de-DE","@id":"https:\/\/franzos.ch\/de\/montmartre-cafe-bistro\/#local-main-organization-logo","url":"https:\/\/franzos.ch\/wp-content\/uploads\/2019\/01\/MM_Logo-e1549618494882.png","contentUrl":"https:\/\/franzos.ch\/wp-content\/uploads\/2019\/01\/MM_Logo-e1549618494882.png","width":1000,"height":672,"caption":"Montmartre"}]},"geo.placename":"Z\u00fcrich","geo.region":"Schweiz"},"_links":{"self":[{"href":"https:\/\/franzos.ch\/de\/wp-json\/wp\/v2\/pages\/1419","targetHints":{"allow":["GET"]}}],"collection":[{"href":"https:\/\/franzos.ch\/de\/wp-json\/wp\/v2\/pages"}],"about":[{"href":"https:\/\/franzos.ch\/de\/wp-json\/wp\/v2\/types\/page"}],"author":[{"embeddable":true,"href":"https:\/\/franzos.ch\/de\/wp-json\/wp\/v2\/users\/2"}],"replies":[{"embeddable":true,"href":"https:\/\/franzos.ch\/de\/wp-json\/wp\/v2\/comments?post=1419"}],"version-history":[{"count":0,"href":"https:\/\/franzos.ch\/de\/wp-json\/wp\/v2\/pages\/1419\/revisions"}],"wp:attachment":[{"href":"https:\/\/franzos.ch\/de\/wp-json\/wp\/v2\/media?parent=1419"}],"curies":[{"name":"wp","href":"https:\/\/api.w.org\/{rel}","templated":true}]}}